{"id":1007,"date":"2019-12-09T16:08:09","date_gmt":"2019-12-09T16:08:09","guid":{"rendered":"http:\/\/tourniermarine.fr\/?page_id=1007"},"modified":"2021-05-25T09:45:56","modified_gmt":"2021-05-25T09:45:56","slug":"tournier-marine-passion-fiabilite-performance","status":"publish","type":"page","link":"http:\/\/tourniermarine.fr\/en\/tournier-marine-passion-fiabilite-performance\/","title":{"rendered":"Notre Philosophie"},"content":{"rendered":"<div data-elementor-type=\"wp-page\" data-elementor-id=\"1007\" class=\"elementor elementor-1007\">\n\t\t\t\t\t\t\t\t\t<section class=\"has_eae_slider elementor-section elementor-top-section elementor-element elementor-element-3d4e5c4 elementor-section-boxed elementor-section-height-default elementor-section-height-default\" data-id=\"3d4e5c4\" data-element_type=\"section\">\n\t\t\t\t\t\t<div class=\"elementor-container elementor-column-gap-default\">\n\t\t\t\t\t<div class=\"has_eae_slider elementor-column elementor-col-100 elementor-top-column elementor-element elementor-element-7cf8d28\" data-id=\"7cf8d28\" data-element_type=\"column\">\n\t\t\t<div class=\"elementor-widget-wrap elementor-element-populated\">\n\t\t\t\t\t\t\t\t<div class=\"elementor-element elementor-element-abf42a1 elementor-widget elementor-widget-text-editor\" data-id=\"abf42a1\" data-element_type=\"widget\" data-widget_type=\"text-editor.default\">\n\t\t\t\t<div class=\"elementor-widget-container\">\n\t\t\t\t\t\t\t<p><span style=\"color: #ffffff; font-size: 14pt;\"><span style=\"font-family: arial, helvetica, sans-serif;\"><span style=\"font-family: arial, helvetica, sans-serif;\"><img decoding=\"async\" loading=\"lazy\" class=\"wp-image-806 alignleft\" src=\"http:\/\/tourniermarine.fr\/wp-content\/uploads\/2019\/12\/bloc-carre-picto-contact-300x240.png\" alt=\"\" width=\"70\" height=\"56\" srcset=\"http:\/\/tourniermarine.fr\/wp-content\/uploads\/2019\/12\/bloc-carre-picto-contact-300x240.png 300w, http:\/\/tourniermarine.fr\/wp-content\/uploads\/2019\/12\/bloc-carre-picto-contact.png 340w\" sizes=\"(max-width: 70px) 100vw, 70px\" \/><\/span><\/span><\/span><\/p><p><span style=\"font-family: arial, helvetica, sans-serif; font-size: 14pt; color: #ffffff;\">Our philosophy is quite simple: after a few years of experience in building monohulls (including a ULDB), we have now been building multihulls for almost 30 years, some of which have completed three round-the-world trips to date... that's more than 81,000 miles!<\/span><\/p><p><span style=\"font-family: arial, helvetica, sans-serif; font-size: 14pt; color: #ffffff;\">Today, the catamaran is in fashion, so much the better, we are well placed to know that it is an excellent cruising boat... and those from our yard are proof of this.<\/span><\/p><p><span style=\"font-family: arial, helvetica, sans-serif; font-size: 14pt; color: #ffffff;\">For objective reasons we build multihulls:<\/span><\/p><p><span style=\"font-family: arial, helvetica, sans-serif; font-size: 14pt; color: #ffffff;\"><span style=\"text-decoration: underline;\"><strong>Powerful<\/strong><\/span> : that is to say, whose sail area\/weight ratio is higher than the average of what is currently found on the pleasure boat market.<\/span><\/p><p><br \/><span style=\"font-family: arial, helvetica, sans-serif; font-size: 14pt; color: #ffffff;\"><span style=\"text-decoration: underline;\"><strong>Solids<\/strong><\/span>\u00a0: because with the experience acquired and the study of structure by finite elements, we know where the forces are transmitted which allows us to place the reinforcements where necessary and protects us from any unpleasant surprises.<\/span><\/p><p><br \/><span style=\"font-family: arial, helvetica, sans-serif; font-size: 14pt; color: #ffffff;\"><span style=\"text-decoration: underline;\"><strong>Reliable<\/strong><\/span> : for the same reason, but also because our standard of equipment is always chosen from suppliers known for their excellence.<\/span><\/p>\t\t\t\t\t\t<\/div>\n\t\t\t\t<\/div>\n\t\t\t\t\t<\/div>\n\t\t<\/div>\n\t\t\t\t\t\t\t<\/div>\n\t\t<\/section>\n\t\t\t\t<section class=\"has_eae_slider elementor-section elementor-top-section elementor-element elementor-element-3809400 elementor-section-boxed elementor-section-height-default elementor-section-height-default\" data-id=\"3809400\" data-element_type=\"section\">\n\t\t\t\t\t\t<div class=\"elementor-container elementor-column-gap-default\">\n\t\t\t\t\t<div class=\"has_eae_slider elementor-column elementor-col-100 elementor-top-column elementor-element elementor-element-0b588f3\" data-id=\"0b588f3\" data-element_type=\"column\">\n\t\t\t<div class=\"elementor-widget-wrap elementor-element-populated\">\n\t\t\t\t\t\t\t\t<div class=\"elementor-element elementor-element-adc0b91 elementor-widget elementor-widget-text-editor\" data-id=\"adc0b91\" data-element_type=\"widget\" data-widget_type=\"text-editor.default\">\n\t\t\t\t<div class=\"elementor-widget-container\">\n\t\t\t\t\t\t\t<h5 style=\"text-align: center;\"><span style=\"color: #e0e0e0; font-family: arial, helvetica, sans-serif;\"><b>For any requests for additional information or prices<br \/><\/b><b>Please contact Us<\/b><\/span><\/h5>\t\t\t\t\t\t<\/div>\n\t\t\t\t<\/div>\n\t\t\t\t\t<\/div>\n\t\t<\/div>\n\t\t\t\t\t\t\t<\/div>\n\t\t<\/section>\n\t\t\t\t\t\t\t<\/div>","protected":false},"excerpt":{"rendered":"<p>Notre philosophie est assez simple : apr\u00e8s une exp\u00e9rience de quelques ann\u00e9es dans la construction de monocoques (dont un ULDB), voil\u00e0 maintenant pr\u00e8s de 30 ans que nous construisons des multicoques, dont certains ont \u00e0 ce jour \u00e0 leur actif trois tours du monde\u2026 soit plus de 81.000 milles ! Aujourd\u2019hui la mode est au [&hellip;]<\/p>","protected":false},"author":1,"featured_media":0,"parent":0,"menu_order":0,"comment_status":"closed","ping_status":"closed","template":"elementor_header_footer","meta":{"footnotes":""},"_links":{"self":[{"href":"http:\/\/tourniermarine.fr\/en\/wp-json\/wp\/v2\/pages\/1007"}],"collection":[{"href":"http:\/\/tourniermarine.fr\/en\/wp-json\/wp\/v2\/pages"}],"about":[{"href":"http:\/\/tourniermarine.fr\/en\/wp-json\/wp\/v2\/types\/page"}],"author":[{"embeddable":true,"href":"http:\/\/tourniermarine.fr\/en\/wp-json\/wp\/v2\/users\/1"}],"replies":[{"embeddable":true,"href":"http:\/\/tourniermarine.fr\/en\/wp-json\/wp\/v2\/comments?post=1007"}],"version-history":[{"count":12,"href":"http:\/\/tourniermarine.fr\/en\/wp-json\/wp\/v2\/pages\/1007\/revisions"}],"predecessor-version":[{"id":1020,"href":"http:\/\/tourniermarine.fr\/en\/wp-json\/wp\/v2\/pages\/1007\/revisions\/1020"}],"wp:attachment":[{"href":"http:\/\/tourniermarine.fr\/en\/wp-json\/wp\/v2\/media?parent=1007"}],"curies":[{"name":"wp","href":"https:\/\/api.w.org\/{rel}","templated":true}]}}