{"id":1135,"date":"2025-10-21T10:02:12","date_gmt":"2025-10-21T10:02:12","guid":{"rendered":"http:\/\/tourniermarine.fr\/?page_id=1135"},"modified":"2025-10-21T10:07:59","modified_gmt":"2025-10-21T10:07:59","slug":"kavagavoms","status":"publish","type":"page","link":"http:\/\/tourniermarine.fr\/en\/kavagavoms\/","title":{"rendered":"Kavagavom&rsquo;s"},"content":{"rendered":"<div data-elementor-type=\"wp-page\" data-elementor-id=\"1135\" class=\"elementor elementor-1135\">\n\t\t\t\t\t\t\t\t\t<section class=\"has_eae_slider elementor-section elementor-top-section elementor-element elementor-element-7964006 elementor-section-boxed elementor-section-height-default elementor-section-height-default\" data-id=\"7964006\" data-element_type=\"section\">\n\t\t\t\t\t\t<div class=\"elementor-container elementor-column-gap-default\">\n\t\t\t\t\t<div class=\"has_eae_slider elementor-column elementor-col-100 elementor-top-column elementor-element elementor-element-5568883\" data-id=\"5568883\" data-element_type=\"column\">\n\t\t\t<div class=\"elementor-widget-wrap\">\n\t\t\t\t\t\t\t\t\t<\/div>\n\t\t<\/div>\n\t\t\t\t\t\t\t<\/div>\n\t\t<\/section>\n\t\t\t\t<section class=\"has_eae_slider elementor-section elementor-top-section elementor-element elementor-element-f15b5f0 elementor-section-content-middle elementor-section-boxed elementor-section-height-default elementor-section-height-default\" data-id=\"f15b5f0\" data-element_type=\"section\" data-settings=\"{&quot;background_background&quot;:&quot;classic&quot;}\">\n\t\t\t\t\t\t<div class=\"elementor-container elementor-column-gap-default\">\n\t\t\t\t\t<div class=\"has_eae_slider elementor-column elementor-col-50 elementor-top-column elementor-element elementor-element-7804f06\" data-id=\"7804f06\" data-element_type=\"column\">\n\t\t\t<div class=\"elementor-widget-wrap elementor-element-populated\">\n\t\t\t\t\t\t\t\t<div class=\"elementor-element elementor-element-549b577 elementor-widget elementor-widget-text-editor\" data-id=\"549b577\" data-element_type=\"widget\" data-widget_type=\"text-editor.default\">\n\t\t\t\t<div class=\"elementor-widget-container\">\n\t\t\t\t\t\t\t<p>Bon sang ne saurait mentir\u2026&nbsp;<\/p>\n<p><br><\/p>\n<p>At TOURNIER MARINE, passion is passed down from generation to generation. Philippe Tournier, shipbuilder, presents KAVAGAVOM\u2019S, a 21-foot trimaran, the fruit of the thinking of his grandson Thibault Armengaud.<\/p>\n<p><br><\/p>\n<p>This new trimaran has the particularity of being dismountable and therefore transportable.<\/p>\n<p><br><\/p>\n<p>This new trimaran has the particularity of being dismountable and therefore transportable.<\/p>\n<p><br><\/p>\n<p>KAVAGAVOM\u2019S was designed for the pleasure of sailing fast even in light airs, at sea and on lakes.<\/p>\n<p><br><\/p>\n<p>The TOURNIER MARINE team will put all its experience and know-how into the construction of KAVAGAVOM\u2019S.<\/p>\n<p><br><\/p>\n<p>For more information, you can contact us: &nbsp;<\/p>\n<p>par mail&nbsp;:<a href=\"mailto:tourniermarine@gmail.com\">contact@tourniermarine.com<\/a><\/p>\n<p>by phone at: 06.41.15.56.34<\/p>\t\t\t\t\t\t<\/div>\n\t\t\t\t<\/div>\n\t\t\t\t\t<\/div>\n\t\t<\/div>\n\t\t\t\t<div class=\"has_eae_slider elementor-column elementor-col-50 elementor-top-column elementor-element elementor-element-cdce66c\" data-id=\"cdce66c\" data-element_type=\"column\">\n\t\t\t<div class=\"elementor-widget-wrap elementor-element-populated\">\n\t\t\t\t\t\t\t\t<div class=\"elementor-element elementor-element-e452185 elementor-widget elementor-widget-image\" data-id=\"e452185\" data-element_type=\"widget\" data-widget_type=\"image.default\">\n\t\t\t\t<div class=\"elementor-widget-container\">\n\t\t\t\t\t\t\t\t\t\t\t\t\t\t\t<img decoding=\"async\" loading=\"lazy\" width=\"724\" height=\"1024\" src=\"http:\/\/tourniermarine.fr\/wp-content\/uploads\/2025\/10\/images-pub-724x1024.jpg\" class=\"attachment-large size-large wp-image-1137\" alt=\"\" srcset=\"http:\/\/tourniermarine.fr\/wp-content\/uploads\/2025\/10\/images-pub-724x1024.jpg 724w, http:\/\/tourniermarine.fr\/wp-content\/uploads\/2025\/10\/images-pub-212x300.jpg 212w, http:\/\/tourniermarine.fr\/wp-content\/uploads\/2025\/10\/images-pub-768x1086.jpg 768w, http:\/\/tourniermarine.fr\/wp-content\/uploads\/2025\/10\/images-pub-8x12.jpg 8w, http:\/\/tourniermarine.fr\/wp-content\/uploads\/2025\/10\/images-pub.jpg 877w\" sizes=\"(max-width: 724px) 100vw, 724px\" \/>\t\t\t\t\t\t\t\t\t\t\t\t\t\t\t<\/div>\n\t\t\t\t<\/div>\n\t\t\t\t\t<\/div>\n\t\t<\/div>\n\t\t\t\t\t\t\t<\/div>\n\t\t<\/section>\n\t\t\t\t\t\t\t<\/div>","protected":false},"excerpt":{"rendered":"<p>Bon sang ne saurait mentir\u2026&nbsp; Chez TOURNIER MARINE la passion se transmet de g\u00e9n\u00e9ration en g\u00e9n\u00e9ration. &nbsp;Philippe Tournier, constructeur naval, vous pr\u00e9sente KAVAGAVOM\u2019S un trimaran de 21 pieds, fruit de la r\u00e9flexion de son petit-fils Thibault Armengaud. Ce nouveau trimaran a la particularit\u00e9 d\u2019\u00eatre d\u00e9montable et donc transportable. Construit en sandwich composite, \u00e9quip\u00e9 d\u2019un m\u00e2t [&hellip;]<\/p>","protected":false},"author":1,"featured_media":0,"parent":0,"menu_order":0,"comment_status":"closed","ping_status":"closed","template":"elementor_header_footer","meta":{"footnotes":""},"_links":{"self":[{"href":"http:\/\/tourniermarine.fr\/en\/wp-json\/wp\/v2\/pages\/1135"}],"collection":[{"href":"http:\/\/tourniermarine.fr\/en\/wp-json\/wp\/v2\/pages"}],"about":[{"href":"http:\/\/tourniermarine.fr\/en\/wp-json\/wp\/v2\/types\/page"}],"author":[{"embeddable":true,"href":"http:\/\/tourniermarine.fr\/en\/wp-json\/wp\/v2\/users\/1"}],"replies":[{"embeddable":true,"href":"http:\/\/tourniermarine.fr\/en\/wp-json\/wp\/v2\/comments?post=1135"}],"version-history":[{"count":4,"href":"http:\/\/tourniermarine.fr\/en\/wp-json\/wp\/v2\/pages\/1135\/revisions"}],"predecessor-version":[{"id":1140,"href":"http:\/\/tourniermarine.fr\/en\/wp-json\/wp\/v2\/pages\/1135\/revisions\/1140"}],"wp:attachment":[{"href":"http:\/\/tourniermarine.fr\/en\/wp-json\/wp\/v2\/media?parent=1135"}],"curies":[{"name":"wp","href":"https:\/\/api.w.org\/{rel}","templated":true}]}}