{"id":2,"date":"2019-10-16T14:47:09","date_gmt":"2019-10-16T14:47:09","guid":{"rendered":"http:\/\/tourniermarine.fr\/?page_id=2"},"modified":"2021-05-25T09:54:46","modified_gmt":"2021-05-25T09:54:46","slug":"sample-page","status":"publish","type":"page","link":"http:\/\/tourniermarine.fr\/en\/","title":{"rendered":"Bienvenue"},"content":{"rendered":"<div data-elementor-type=\"wp-page\" data-elementor-id=\"2\" class=\"elementor elementor-2\">\n\t\t\t\t\t\t\t\t\t<section class=\"has_eae_slider elementor-section elementor-top-section elementor-element elementor-element-3efad37 elementor-section-boxed elementor-section-height-default elementor-section-height-default\" data-id=\"3efad37\" data-element_type=\"section\">\n\t\t\t\t\t\t<div class=\"elementor-container elementor-column-gap-default\">\n\t\t\t\t\t<div class=\"has_eae_slider elementor-column elementor-col-100 elementor-top-column elementor-element elementor-element-49428515\" data-id=\"49428515\" data-element_type=\"column\">\n\t\t\t<div class=\"elementor-widget-wrap elementor-element-populated\">\n\t\t\t\t\t\t\t\t<section class=\"has_eae_slider elementor-section elementor-inner-section elementor-element elementor-element-383987c elementor-section-boxed elementor-section-height-default elementor-section-height-default\" data-id=\"383987c\" data-element_type=\"section\">\n\t\t\t\t\t\t<div class=\"elementor-container elementor-column-gap-default\">\n\t\t\t\t\t<div class=\"has_eae_slider elementor-column elementor-col-50 elementor-inner-column elementor-element elementor-element-f163e51\" data-id=\"f163e51\" data-element_type=\"column\">\n\t\t\t<div class=\"elementor-widget-wrap elementor-element-populated\">\n\t\t\t\t\t\t\t\t<div class=\"elementor-element elementor-element-4198250 elementor-widget elementor-widget-image\" data-id=\"4198250\" data-element_type=\"widget\" data-widget_type=\"image.default\">\n\t\t\t\t<div class=\"elementor-widget-container\">\n\t\t\t\t\t\t\t\t\t\t\t\t\t\t\t<img decoding=\"async\" src=\"http:\/\/tourniermarine.fr\/wp-content\/uploads\/elementor\/thumbs\/test-qeokfekjlkp4pf36ntft6ktu8aj9x4tvyukd3ojm0k.jpg\" title=\"test\" alt=\"test\" loading=\"lazy\" \/>\t\t\t\t\t\t\t\t\t\t\t\t\t\t\t<\/div>\n\t\t\t\t<\/div>\n\t\t\t\t\t<\/div>\n\t\t<\/div>\n\t\t\t\t<div class=\"has_eae_slider elementor-column elementor-col-50 elementor-inner-column elementor-element elementor-element-36a1fdf\" data-id=\"36a1fdf\" data-element_type=\"column\">\n\t\t\t<div class=\"elementor-widget-wrap elementor-element-populated\">\n\t\t\t\t\t\t\t\t<div class=\"elementor-element elementor-element-74437aa elementor-widget elementor-widget-text-editor\" data-id=\"74437aa\" data-element_type=\"widget\" data-widget_type=\"text-editor.default\">\n\t\t\t\t<div class=\"elementor-widget-container\">\n\t\t\t\t\t\t\t<p class=\"has-medium-font-size\">Notre philosophie est assez simple : apr\u00e8s une exp\u00e9rience de quelques ann\u00e9es dans la construction de monocoques (dont un ULDB), voil\u00e0 maintenant pr\u00e8s de 25 ans que nous construisons des multicoques, dont certains ont \u00e0 ce jour \u00e0 leur actif trois tours du monde\u2026 soit plus de 70.000 milles !<\/p>\n<p><!-- \/wp:paragraph --><!-- wp:paragraph {\"fontSize\":\"medium\"} --><\/p>\n<p class=\"has-medium-font-size\">Today, the catamaran is in fashion, so much the better, we are well placed to know that it is an excellent cruising boat... and those from our yard are proof of this.<\/p>\t\t\t\t\t\t<\/div>\n\t\t\t\t<\/div>\n\t\t\t\t\t<\/div>\n\t\t<\/div>\n\t\t\t\t\t\t\t<\/div>\n\t\t<\/section>\n\t\t\t\t<div class=\"elementor-element elementor-element-3e324b29 elementor-invisible elementor-widget elementor-widget-text-editor\" data-id=\"3e324b29\" data-element_type=\"widget\" data-settings=\"{&quot;_animation&quot;:&quot;fadeIn&quot;}\" data-widget_type=\"text-editor.default\">\n\t\t\t\t<div class=\"elementor-widget-container\">\n\t\t\t\t\t\t\t<!-- wp:paragraph {\"fontSize\":\"medium\"} --><!-- \/wp:paragraph --><!-- wp:paragraph {\"fontSize\":\"medium\"} -->\n<p class=\"has-medium-font-size\">For objective reasons we build multihulls:<\/p>\n<!-- \/wp:paragraph --><!-- wp:paragraph {\"fontSize\":\"medium\"} -->\n<p class=\"has-medium-font-size\"><strong>Puissants :<\/strong>\u00a0c&rsquo;est-\u00e0-dire dont le ratio surface de voile\/poids est sup\u00e9rieur \u00e0 la moyenne de ce que l\u2019on trouve actuellement sur le march\u00e9 de la plaisance.<br \/><strong>Solids<\/strong>\u00a0: because with the experience acquired and the study of structure by finite elements, we know where the forces are transmitted which allows us to place the reinforcements where necessary and protects us from any unpleasant surprises.<br \/><strong>Fiables :<\/strong>\u00a0pour la m\u00eame raison, mais \u00e9galement parce que notre standard d\u2019\u00e9quipement est toujours choisi chez des fournisseurs connus pour leur excellence.<\/p>\n<!-- \/wp:paragraph -->\t\t\t\t\t\t<\/div>\n\t\t\t\t<\/div>\n\t\t\t\t\t<\/div>\n\t\t<\/div>\n\t\t\t\t\t\t\t<\/div>\n\t\t<\/section>\n\t\t\t\t\t\t\t<\/div>","protected":false},"excerpt":{"rendered":"<p>Notre philosophie est assez simple : apr\u00e8s une exp\u00e9rience de quelques ann\u00e9es dans la construction de monocoques (dont un ULDB), voil\u00e0 maintenant pr\u00e8s de 25 ans que nous construisons des multicoques, dont certains ont \u00e0 ce jour \u00e0 leur actif trois tours du monde\u2026 soit plus de 70.000 milles ! Aujourd\u2019hui la mode est au [&hellip;]<\/p>","protected":false},"author":1,"featured_media":40,"parent":0,"menu_order":0,"comment_status":"closed","ping_status":"open","template":"","meta":{"footnotes":""},"_links":{"self":[{"href":"http:\/\/tourniermarine.fr\/en\/wp-json\/wp\/v2\/pages\/2"}],"collection":[{"href":"http:\/\/tourniermarine.fr\/en\/wp-json\/wp\/v2\/pages"}],"about":[{"href":"http:\/\/tourniermarine.fr\/en\/wp-json\/wp\/v2\/types\/page"}],"author":[{"embeddable":true,"href":"http:\/\/tourniermarine.fr\/en\/wp-json\/wp\/v2\/users\/1"}],"replies":[{"embeddable":true,"href":"http:\/\/tourniermarine.fr\/en\/wp-json\/wp\/v2\/comments?post=2"}],"version-history":[{"count":19,"href":"http:\/\/tourniermarine.fr\/en\/wp-json\/wp\/v2\/pages\/2\/revisions"}],"predecessor-version":[{"id":1066,"href":"http:\/\/tourniermarine.fr\/en\/wp-json\/wp\/v2\/pages\/2\/revisions\/1066"}],"wp:featuredmedia":[{"embeddable":true,"href":"http:\/\/tourniermarine.fr\/en\/wp-json\/wp\/v2\/media\/40"}],"wp:attachment":[{"href":"http:\/\/tourniermarine.fr\/en\/wp-json\/wp\/v2\/media?parent=2"}],"curies":[{"name":"wp","href":"https:\/\/api.w.org\/{rel}","templated":true}]}}