{"id":52,"date":"2019-10-16T15:38:24","date_gmt":"2019-10-16T15:38:24","guid":{"rendered":"http:\/\/tourniermarine.fr\/?page_id=52"},"modified":"2021-05-25T09:45:31","modified_gmt":"2021-05-25T09:45:31","slug":"nouveautes","status":"publish","type":"page","link":"http:\/\/tourniermarine.fr\/en\/nouveautes\/","title":{"rendered":"Novelties"},"content":{"rendered":"<div data-elementor-type=\"wp-page\" data-elementor-id=\"52\" class=\"elementor elementor-52\">\n\t\t\t\t\t\t\t\t\t<section class=\"has_eae_slider elementor-section elementor-top-section elementor-element elementor-element-38bd385a elementor-section-boxed elementor-section-height-default elementor-section-height-default\" data-id=\"38bd385a\" data-element_type=\"section\">\n\t\t\t\t\t\t<div class=\"elementor-container elementor-column-gap-default\">\n\t\t\t\t\t<div class=\"has_eae_slider elementor-column elementor-col-100 elementor-top-column elementor-element elementor-element-a5838c6\" data-id=\"a5838c6\" data-element_type=\"column\">\n\t\t\t<div class=\"elementor-widget-wrap elementor-element-populated\">\n\t\t\t\t\t\t\t\t<div class=\"elementor-element elementor-element-2009679b elementor-widget elementor-widget-text-editor\" data-id=\"2009679b\" data-element_type=\"widget\" data-widget_type=\"text-editor.default\">\n\t\t\t\t<div class=\"elementor-widget-container\">\n\t\t\t\t\t\t\t<p><span style=\"font-family: arial, helvetica, sans-serif;\"><!-- wp:paragraph --><\/span><\/p>\n<p><strong><span style=\"font-family: arial, helvetica, sans-serif;\">La passion chevill\u00e9e au corps, l&rsquo;\u00e9quipe TOURNIER MARINE men\u00e9e par Philippe Tournier lance une nouvelle gamme de catamarans &#8211; le SOUBISE 49\u2019 et le SOUBISE 56\u2019 tous deux propos\u00e9s en diff\u00e9rentes versions et personnalisables en fonction du programme de navigation et des desiderata des futurs propri\u00e9taires. Pour plus de renseignements vous pouvez nous contacter par mail : contact@tourniermarine.com ou par t\u00e9l\u00e9phone (+33) 05 46 83 63 35<\/span><\/strong><\/p>\n<p><span style=\"font-family: arial, helvetica, sans-serif;\"><!-- \/wp:paragraph --><\/span><\/p>\t\t\t\t\t\t<\/div>\n\t\t\t\t<\/div>\n\t\t\t\t\t<\/div>\n\t\t<\/div>\n\t\t\t\t\t\t\t<\/div>\n\t\t<\/section>\n\t\t\t\t<section class=\"has_eae_slider elementor-section elementor-top-section elementor-element elementor-element-b4aabae elementor-section-boxed elementor-section-height-default elementor-section-height-default\" data-id=\"b4aabae\" data-element_type=\"section\">\n\t\t\t\t\t\t<div class=\"elementor-container elementor-column-gap-default\">\n\t\t\t\t\t<div class=\"has_eae_slider elementor-column elementor-col-100 elementor-top-column elementor-element elementor-element-cbb2d8d\" data-id=\"cbb2d8d\" data-element_type=\"column\">\n\t\t\t<div class=\"elementor-widget-wrap elementor-element-populated\">\n\t\t\t\t\t\t\t\t<section class=\"has_eae_slider elementor-section elementor-inner-section elementor-element elementor-element-228cb6b elementor-section-content-middle elementor-section-boxed elementor-section-height-default elementor-section-height-default\" data-id=\"228cb6b\" data-element_type=\"section\">\n\t\t\t\t\t\t<div class=\"elementor-container elementor-column-gap-default\">\n\t\t\t\t\t<div class=\"has_eae_slider elementor-column elementor-col-100 elementor-inner-column elementor-element elementor-element-723069a\" data-id=\"723069a\" data-element_type=\"column\">\n\t\t\t<div class=\"elementor-widget-wrap elementor-element-populated\">\n\t\t\t\t\t\t\t\t<div class=\"elementor-element elementor-element-1f4efd6 elementor-widget elementor-widget-text-editor\" data-id=\"1f4efd6\" data-element_type=\"widget\" data-widget_type=\"text-editor.default\">\n\t\t\t\t<div class=\"elementor-widget-container\">\n\t\t\t\t\t\t\t<h2 style=\"text-align: center;\"><a href=\"http:\/\/tourniermarine.fr\/en\/soubise-56\/\"><span style=\"color: #5ca2df;\">Soubise 56&prime;<\/span><\/a><\/h2>\t\t\t\t\t\t<\/div>\n\t\t\t\t<\/div>\n\t\t\t\t<div class=\"elementor-element elementor-element-90a13f3 elementor-invisible elementor-widget elementor-widget-image\" data-id=\"90a13f3\" data-element_type=\"widget\" data-settings=\"{&quot;_animation&quot;:&quot;fadeIn&quot;}\" data-widget_type=\"image.default\">\n\t\t\t\t<div class=\"elementor-widget-container\">\n\t\t\t\t\t\t\t\t\t\t\t\t\t\t\t\t<a href=\"http:\/\/tourniermarine.fr\/en\/soubise-56\/\">\n\t\t\t\t\t\t\t<img decoding=\"async\" loading=\"lazy\" width=\"800\" height=\"431\" src=\"http:\/\/tourniermarine.fr\/wp-content\/uploads\/2019\/11\/SOUBISE56.jpg\" class=\"attachment-large size-large wp-image-386\" alt=\"\" srcset=\"http:\/\/tourniermarine.fr\/wp-content\/uploads\/2019\/11\/SOUBISE56.jpg 800w, http:\/\/tourniermarine.fr\/wp-content\/uploads\/2019\/11\/SOUBISE56-300x162.jpg 300w, http:\/\/tourniermarine.fr\/wp-content\/uploads\/2019\/11\/SOUBISE56-768x414.jpg 768w\" sizes=\"(max-width: 800px) 100vw, 800px\" \/>\t\t\t\t\t\t\t\t<\/a>\n\t\t\t\t\t\t\t\t\t\t\t\t\t\t\t<\/div>\n\t\t\t\t<\/div>\n\t\t\t\t\t<\/div>\n\t\t<\/div>\n\t\t\t\t\t\t\t<\/div>\n\t\t<\/section>\n\t\t\t\t\t<\/div>\n\t\t<\/div>\n\t\t\t\t\t\t\t<\/div>\n\t\t<\/section>\n\t\t\t\t\t\t\t<\/div>","protected":false},"excerpt":{"rendered":"<p>La passion chevill\u00e9e au corps, l&rsquo;\u00e9quipe TOURNIER MARINE men\u00e9e par Philippe Tournier lance une nouvelle gamme de catamarans &#8211; le SOUBISE 49\u2019 et le SOUBISE 56\u2019 tous deux propos\u00e9s en diff\u00e9rentes versions et personnalisables en fonction du programme de navigation et des desiderata des futurs propri\u00e9taires. Pour plus de renseignements vous pouvez nous contacter par [&hellip;]<\/p>","protected":false},"author":1,"featured_media":53,"parent":0,"menu_order":0,"comment_status":"closed","ping_status":"closed","template":"elementor_header_footer","meta":{"footnotes":""},"_links":{"self":[{"href":"http:\/\/tourniermarine.fr\/en\/wp-json\/wp\/v2\/pages\/52"}],"collection":[{"href":"http:\/\/tourniermarine.fr\/en\/wp-json\/wp\/v2\/pages"}],"about":[{"href":"http:\/\/tourniermarine.fr\/en\/wp-json\/wp\/v2\/types\/page"}],"author":[{"embeddable":true,"href":"http:\/\/tourniermarine.fr\/en\/wp-json\/wp\/v2\/users\/1"}],"replies":[{"embeddable":true,"href":"http:\/\/tourniermarine.fr\/en\/wp-json\/wp\/v2\/comments?post=52"}],"version-history":[{"count":24,"href":"http:\/\/tourniermarine.fr\/en\/wp-json\/wp\/v2\/pages\/52\/revisions"}],"predecessor-version":[{"id":1086,"href":"http:\/\/tourniermarine.fr\/en\/wp-json\/wp\/v2\/pages\/52\/revisions\/1086"}],"wp:featuredmedia":[{"embeddable":true,"href":"http:\/\/tourniermarine.fr\/en\/wp-json\/wp\/v2\/media\/53"}],"wp:attachment":[{"href":"http:\/\/tourniermarine.fr\/en\/wp-json\/wp\/v2\/media?parent=52"}],"curies":[{"name":"wp","href":"https:\/\/api.w.org\/{rel}","templated":true}]}}