{"id":797,"date":"2019-12-04T14:20:33","date_gmt":"2019-12-04T14:20:33","guid":{"rendered":"http:\/\/tourniermarine.fr\/?page_id=797"},"modified":"2022-08-24T10:02:03","modified_gmt":"2022-08-24T10:02:03","slug":"temoignages-2","status":"publish","type":"page","link":"http:\/\/tourniermarine.fr\/en\/temoignages-2\/","title":{"rendered":"Testimonials"},"content":{"rendered":"<div data-elementor-type=\"wp-page\" data-elementor-id=\"797\" class=\"elementor elementor-797\">\n\t\t\t\t\t\t\t\t\t<section class=\"has_eae_slider elementor-section elementor-top-section elementor-element elementor-element-3d4e5c4 elementor-section-boxed elementor-section-height-default elementor-section-height-default\" data-id=\"3d4e5c4\" data-element_type=\"section\">\n\t\t\t\t\t\t<div class=\"elementor-container elementor-column-gap-default\">\n\t\t\t\t\t<div class=\"has_eae_slider elementor-column elementor-col-100 elementor-top-column elementor-element elementor-element-7cf8d28\" data-id=\"7cf8d28\" data-element_type=\"column\">\n\t\t\t<div class=\"elementor-widget-wrap elementor-element-populated\">\n\t\t\t\t\t\t\t\t<div class=\"elementor-element elementor-element-abf42a1 elementor-widget elementor-widget-text-editor\" data-id=\"abf42a1\" data-element_type=\"widget\" data-widget_type=\"text-editor.default\">\n\t\t\t\t<div class=\"elementor-widget-container\">\n\t\t\t\t\t\t\t<p><span style=\"color: #5ca2df;\"><strong><span style=\"font-family: arial, helvetica, sans-serif; font-size: 24pt;\"><span style=\"font-family: arial, helvetica, sans-serif; font-size: 12pt;\"><img decoding=\"async\" loading=\"lazy\" class=\"wp-image-806 alignleft\" src=\"http:\/\/tourniermarine.fr\/wp-content\/uploads\/2019\/12\/bloc-carre-picto-contact-300x240.png\" alt=\"\" width=\"70\" height=\"56\" srcset=\"http:\/\/tourniermarine.fr\/wp-content\/uploads\/2019\/12\/bloc-carre-picto-contact-300x240.png 300w, http:\/\/tourniermarine.fr\/wp-content\/uploads\/2019\/12\/bloc-carre-picto-contact.png 340w\" sizes=\"(max-width: 70px) 100vw, 70px\" \/><\/span><\/span><\/strong><\/span><\/p><p><strong><span style=\"font-size: 24pt;\"><span style=\"font-family: arial, helvetica, sans-serif; color: #5ca2df;\">Yann Piart<\/span><\/span><\/strong><\/p><p><em><span style=\"font-size: 18pt; color: #808080;\"><strong><span style=\"font-family: arial, helvetica, sans-serif;\">-<\/span><span style=\"font-family: arial, helvetica, sans-serif;\">Owner of the FREYDIS 46' ANDANZA.<\/span><\/strong><\/span><\/em><\/p><p><span style=\"font-family: arial, helvetica, sans-serif;\"><em><span style=\"font-size: 24pt;\">\u00a0 \u00a0 \u00a0 \u00a0 -<\/span>I acquired our Freydis 46 in 2015, and my family and I have crossed the Atlantic twice, travelled nearly 25,000 miles and visited around fifteen countries. During these voyages, I have had the opportunity to sail on many other multihulls with a variety of qualities, from large, bulky catamarans to multi-million euro carbon fibre speedboats.\nComparing it with our Freydis, I confirmed that my initial choice was the right one: it is the perfect boat in terms of layout for a family living on board, large enough to handle the sea but reasonable enough to manoeuvre with a small crew, with above-average performance without becoming a source of concern.\nOn this last point, the debate is open, but there is always a compromise to be made between travel, equipment that allows you to be self-sufficient (or not), performance, autonomy and, finally, budget. It is an equation that everyone must adapt to their own situation and programme.\nFor us, it was perfect, and we lived in almost total autonomy, without having to go to a marina for the last three years, and without ever feeling the need to. The perfect boat? No, of course not, because that would make for an implausible review! From our experience and encounters, anyone who claims to have a \u2018perfect, problem-free\u2019 boat is most likely moored in a marina.\n\nAll skippers are more or less always tinkering with something or looking for a spare part. And we were no exception! But that's a minor detail, because the most important thing is the confidence we gradually built in Erik Lerouge's design and drawings, as well as in the strength and reliability of the vessel built by Tournier Marine.\n\nThere is always maintenance and elbow grease required when setting off on a long cruise, and I think that's the price you pay for keeping a ship in good condition, ready to face (almost) any situation safely. But my confidence has never wavered, even when sailing solo at night, with winds of nearly 50 knots and numerous cargo ships and wind turbines around me. In my opinion, this is the most important lesson to take away from my experience.<\/em><\/span><\/p><p><strong><span style=\"font-family: arial, helvetica, sans-serif;\">Yannick PIART \/ Andanza \/ Freydis 46 de 2005<\/span><\/strong><\/p><p><img decoding=\"async\" loading=\"lazy\" class=\"wp-image-1115 aligncenter\" src=\"http:\/\/tourniermarine.fr\/wp-content\/uploads\/2022\/08\/freydis-300x225.png\" alt=\"\" width=\"486\" height=\"364\" srcset=\"http:\/\/tourniermarine.fr\/wp-content\/uploads\/2022\/08\/freydis-300x225.png 300w, http:\/\/tourniermarine.fr\/wp-content\/uploads\/2022\/08\/freydis-1024x768.png 1024w, http:\/\/tourniermarine.fr\/wp-content\/uploads\/2022\/08\/freydis-768x576.png 768w, http:\/\/tourniermarine.fr\/wp-content\/uploads\/2022\/08\/freydis-1536x1152.png 1536w, http:\/\/tourniermarine.fr\/wp-content\/uploads\/2022\/08\/freydis-2048x1536.png 2048w, http:\/\/tourniermarine.fr\/wp-content\/uploads\/2022\/08\/freydis-16x12.png 16w\" sizes=\"(max-width: 486px) 100vw, 486px\" \/><\/p><p>\u00a0<\/p><p>\u00a0<\/p><p><span style=\"color: #5ca2df;\"><strong><span style=\"font-family: arial, helvetica, sans-serif; font-size: 24pt;\"><span style=\"font-family: arial, helvetica, sans-serif; font-size: 12pt;\"><img decoding=\"async\" loading=\"lazy\" class=\"wp-image-806 alignleft\" src=\"http:\/\/tourniermarine.fr\/wp-content\/uploads\/2019\/12\/bloc-carre-picto-contact-300x240.png\" alt=\"\" width=\"70\" height=\"56\" srcset=\"http:\/\/tourniermarine.fr\/wp-content\/uploads\/2019\/12\/bloc-carre-picto-contact-300x240.png 300w, http:\/\/tourniermarine.fr\/wp-content\/uploads\/2019\/12\/bloc-carre-picto-contact.png 340w\" sizes=\"(max-width: 70px) 100vw, 70px\" \/><\/span>Letter to Tournier Marine<\/span><\/strong><\/span><\/p><p><span style=\"color: #808080;\"><em><span style=\"font-size: 18pt;\"><strong><span style=\"font-family: arial, helvetica, sans-serif;\">James et Lucy Stewart<\/span><\/strong><\/span><\/em><\/span><\/p><p><span style=\"font-family: arial, helvetica, sans-serif; font-size: 12pt;\"><em><span style=\"font-size: 24pt;\">-<\/span>We finally arrived in Papeete, Tahiti, and returned to the sounds of a city after the tranquillity of the Tuamotu Archipelago.<\/em><\/span><\/p><p><span style=\"font-size: 12pt;\"><em><span style=\"font-family: arial, helvetica, sans-serif;\">Snow Leopard continues to perform beautifully (touch wood). Not only is she fast, but she is also very comfortable, even compared to other catamarans. The movement is much smoother, mainly due to the shape of the hulls, I think.<\/span><\/em><\/span><\/p><p><span style=\"font-size: 12pt;\"><em><span style=\"font-family: arial, helvetica, sans-serif;\">The speed of the Freydis is well known, but it continues to surprise us how we make these fast passages with ease and comfort. We crossed the 3,000 miles from the Galapagos to the Marquesas in 14 days with only two of us on board, and we were sailing very conservatively. The only boat we encountered that matched our 14-day time was a 90-foot crewed Swan! We then travelled the 540 miles from the Marquesas to the Tuamotus in 2 days, again with a crew of two.<\/span><\/em><\/span><\/p><p><span style=\"font-size: 12pt;\"><em><span style=\"font-family: arial, helvetica, sans-serif;\">So far, we haven't had any major problems with the boat. We had to replace the water pumps on both Volvo engines and carry out routine maintenance, but that's to be expected.<\/span><\/em><\/span><\/p><p><span style=\"font-size: 12pt;\"><em><span style=\"font-family: arial, helvetica, sans-serif;\">Snow Leopard has also proven to be very comfortable to live aboard, both at sea and in port. The high pod clearance keeps wave slaps to a minimum. Other catamaran owners we spoke to complained about constant pounding due to the shallow draught of their boats. Of course, we do get the occasional wave slap under the pod, but it's acceptable.<\/span><\/em><\/span><\/p><p><span style=\"font-size: 12pt;\"><em><span style=\"font-family: arial, helvetica, sans-serif;\">Because the Freydis' deck profile is so sleek, visitors to Snow Leopard are surprised by how much space there is in both the saloon and the hulls. All in all, we couldn't have chosen a better boat for this trip.<\/span><\/em><\/span><\/p><p><span style=\"font-size: 12pt;\"><em><span style=\"font-family: arial, helvetica, sans-serif;\">The platform rotating with the carbon mast is magnificent and attracts many admiring comments.<\/span><\/em><\/span><\/p><p><span style=\"font-size: 12pt;\"><em><span style=\"font-family: arial, helvetica, sans-serif;\">Firstly, I would like to thank Eric Lerouge for designing such a fantastic boat, and you and your shipyard for building Snow Leopard and for all the help and support you have given us throughout the project.<\/span><\/em><\/span><\/p><p><span style=\"font-size: 12pt;\"><em><span style=\"font-family: arial, helvetica, sans-serif;\">We continue to think of you all in Soubise. We hope everything is going well and we look forward to seeing you when we return to Europe.<\/span><\/em><\/span><\/p><p style=\"text-align: left;\"><em><span style=\"font-family: arial, helvetica, sans-serif;\">Cordialement<\/span><\/em><\/p><p style=\"text-align: left;\"><strong><span style=\"font-family: arial, helvetica, sans-serif;\">Snow Leopard<\/span><\/strong><\/p><p style=\"text-align: left;\"><strong><span style=\"font-family: arial, helvetica, sans-serif;\">Tahiti, French Polynesia<\/span><\/strong><\/p><hr \/><h2>\u00a0<\/h2><h2><strong><span style=\"font-family: arial, helvetica, sans-serif; color: #5ca2df;\"><span style=\"font-family: arial, helvetica, sans-serif; font-size: 12pt;\"><img decoding=\"async\" loading=\"lazy\" class=\"wp-image-806 alignleft\" src=\"http:\/\/tourniermarine.fr\/wp-content\/uploads\/2019\/12\/bloc-carre-picto-contact-300x240.png\" alt=\"\" width=\"70\" height=\"56\" srcset=\"http:\/\/tourniermarine.fr\/wp-content\/uploads\/2019\/12\/bloc-carre-picto-contact-300x240.png 300w, http:\/\/tourniermarine.fr\/wp-content\/uploads\/2019\/12\/bloc-carre-picto-contact.png 340w\" sizes=\"(max-width: 70px) 100vw, 70px\" \/><\/span><span style=\"font-size: 24pt;\">Seven years around the world aboard a Freydis 49\u2032<\/span><\/span><\/strong><\/h2><h2><span style=\"color: #808080;\"><em><strong><span style=\"font-family: arial, helvetica, sans-serif;\">B\u00e9atrice et Jos\u00e9 Lian\u00e8s<\/span><\/strong><\/em><\/span><\/h2><p style=\"text-align: left;\"><span style=\"font-family: arial, helvetica, sans-serif;\"><span style=\"font-size: 24pt;\"><em>\u00a0 \u00a0 \u00a0 \u00a0 -<\/em><\/span><em>In 2004, we had our FREYDIS49' \u2018Nan Fong\u2019 built by the TOURNIER MARINE shipyard.<\/em><\/span><\/p><p style=\"text-align: left;\"><em><span style=\"font-family: arial, helvetica, sans-serif;\">We were preparing to set off on a long journey. We were looking for a comfortable, sturdy and high-performance catamaran: the Freydis 49' Cruiser seemed like the obvious choice.\u00a0<\/span><\/em><em><span style=\"font-family: arial, helvetica, sans-serif;\">Pendant cette parenth\u00e8se \u00ab\u00a0extra-ordinaire\u00a0\u00bb de 7 ans, il se r\u00e9v\u00e8lera \u00eatre le partenaire id\u00e9al et participera grandement \u00e0 la r\u00e9ussite de notre voyage partout autour du monde.<\/span><\/em><\/p><p style=\"text-align: left;\"><em><span style=\"font-family: arial, helvetica, sans-serif;\">In all weather conditions, Nan Fong rose to the challenge, and we never doubted her remarkable seaworthiness and robustness for a second. In heavy weather, when the wind was blowing hard and the sea was rough, Nan Fong always felt extremely safe. Her fittings and construction are solid and reassuring. Freydis boats are seaworthy vessels that perform wonderfully at sea. Highly efficient when sailing close to the wind, they remain exceptionally comfortable and are light enough to spring into action at the slightest breeze. Nan Fong gave us some absolutely fabulous sailing moments!<\/span><\/em><\/p><p style=\"text-align: left;\"><em><span style=\"font-family: arial, helvetica, sans-serif;\">With its shallow draught, it allowed us to access idyllic anchorages.<\/span><\/em><\/p><p style=\"text-align: left;\"><em><span style=\"font-family: arial, helvetica, sans-serif;\">With its welcoming cockpit, it was often full to capacity at cocktail hour!<\/span><\/em><\/p><p style=\"text-align: left;\"><em><span style=\"font-family: arial, helvetica, sans-serif;\">And with his dashing appearance, he stood out everywhere he went, attracting admiration and compliments, and often leading to wonderful encounters!<\/span><\/em><\/p><p style=\"text-align: left;\"><em><span style=\"font-family: arial, helvetica, sans-serif;\">In short, Nan Fong has never let us down, and we have never regretted our choice. He is an integral part of the beauty and joy of our journey, and we are extremely fond of him. We cannot help but think fondly of the entire team at the shipyard who built us such a beautiful boat and made such a wonderful trip possible.<\/span><\/em><\/p><p style=\"text-align: left;\"><strong><em><span style=\"font-family: arial, helvetica, sans-serif;\">B\u00e9atrice et Jos\u00e9<\/span><\/em><\/strong><\/p><hr \/><h2>\u00a0<\/h2><h2><strong><span style=\"font-family: arial, helvetica, sans-serif; color: #5ca2df;\"><span style=\"font-family: arial, helvetica, sans-serif; font-size: 12pt;\"><img decoding=\"async\" loading=\"lazy\" class=\"wp-image-806 alignleft\" src=\"http:\/\/tourniermarine.fr\/wp-content\/uploads\/2019\/12\/bloc-carre-picto-contact-300x240.png\" alt=\"\" width=\"70\" height=\"56\" srcset=\"http:\/\/tourniermarine.fr\/wp-content\/uploads\/2019\/12\/bloc-carre-picto-contact-300x240.png 300w, http:\/\/tourniermarine.fr\/wp-content\/uploads\/2019\/12\/bloc-carre-picto-contact.png 340w\" sizes=\"(max-width: 70px) 100vw, 70px\" \/><\/span><\/span><\/strong><\/h2><p><strong><span style=\"font-size: 24pt;\"><span style=\"font-family: arial, helvetica, sans-serif; color: #5ca2df;\">Fran\u00e7ois Gourdon<\/span><\/span><\/strong><\/p><p><em><span style=\"font-size: 18pt; color: #808080;\"><strong><span style=\"font-family: arial, helvetica, sans-serif;\">-<\/span><span style=\"font-family: arial, helvetica, sans-serif;\">Owner of the FREYDIS 49' ATIKA.<\/span><\/strong><\/span><\/em><\/p><p style=\"text-align: left;\"><span style=\"font-family: arial, helvetica, sans-serif;\"><span style=\"font-family: arial, helvetica, sans-serif; font-size: 12pt;\"><em style=\"font-size: 12pt;\"><span style=\"font-size: 24pt;\">-<\/span>In 2009, after leaving a Privil\u00e8ge catamaran after five years of sailing in the Mediterranean and following various monohulls, the first of which was a magnificent Arp\u00e8ge, I was won over by the enthusiasm of FREYDIS owners and even more so by the passion of the builder himself, Philippe Tournier. We immediately shared this passion and set about designing a catamaran based on my ideas: technical and very fast thanks to its slim hulls, rotating mast and beautiful sails (square-topped mainsail, genoa, drifter, asymmetrical spinnaker, etc.), but at the same time classy with a luxurious interior that is not ostentatious.<\/em><\/span><\/span><\/p><p style=\"text-align: left;\"><em><span style=\"font-family: arial, helvetica, sans-serif;\">ATIKA was born a year later, with anthracite grey hulls, a black carbon mast and an interior made entirely of cherry wood with white leather seating and brick red Alcantara benches and beds. This catamaran is a thing of pure beauty that does not go unnoticed when entering a marina.<\/span><\/em><\/p><p style=\"text-align: left;\"><em><span style=\"font-family: arial, helvetica, sans-serif;\">But I was amazed from the very first sail by its manoeuvrability and speed, immediately reaching 15 knots and even 17. Regular surfing day and night in a transatlantic crossing at 20-22 knots. And even a peak speed of 30.7 knots in the Gulf of Lion under three reefs. But there, not being professionals, we got a bit scared, even though ATIKA stayed on track without ever broaching or luffing.<\/span><\/em><\/p><p style=\"text-align: left;\"><em><span style=\"font-family: arial, helvetica, sans-serif;\">Fortunately, there are moments of calm with family, children and grandchildren, in Corsica, Morocco or the Caribbean under the coconut trees. And what a pleasure it is to enjoy an aperitif, sitting comfortably with glasses of pastis on the table, feeling the acceleration with every gust of wind, while the monohulls next to us heel over at 45\u00b0 as they watch us desperately speed away...<\/span><\/em><\/p><p style=\"text-align: left;\"><em><span style=\"font-family: arial, helvetica, sans-serif;\">In short, a beautiful catamaran, a little technical it's true, but it's the exciting aspect that appeals to every crew member, who are only too happy to discover this beautiful machine.<\/span><\/em><\/p><p style=\"text-align: left;\"><em><span style=\"font-family: arial, helvetica, sans-serif;\">Aujourd\u2019hui ATIKA attend sagement aux Canaries, dans une belle marina de Lanzarote, pour un \u00e9t\u00e9 calme et un d\u00e9part pour l\u2019ARC le 25 Novembre pour Sainte Lucie, avec la ferme intention d\u2019arriver premier des 34 catamarans d\u00e9j\u00e0 inscrits.<\/span><\/em><\/p><p style=\"text-align: left;\"><em><span style=\"font-family: arial, helvetica, sans-serif;\"><strong>Fran\u00e7ois GOURDON, owner and skipper of ATIKA.<\/strong><\/span><\/em><\/p><p style=\"text-align: left;\"><em><span style=\"font-family: arial, helvetica, sans-serif;\">PS: ATIKA has her photo under spinnaker at the Yacht Club de France surrounded by prestigious sailing boats.<\/span><\/em><\/p><p>\u00a0<\/p>\t\t\t\t\t\t<\/div>\n\t\t\t\t<\/div>\n\t\t\t\t\t<\/div>\n\t\t<\/div>\n\t\t\t\t\t\t\t<\/div>\n\t\t<\/section>\n\t\t\t\t<section class=\"has_eae_slider elementor-section elementor-top-section elementor-element elementor-element-3809400 elementor-section-boxed elementor-section-height-default elementor-section-height-default\" data-id=\"3809400\" data-element_type=\"section\">\n\t\t\t\t\t\t<div class=\"elementor-container elementor-column-gap-default\">\n\t\t\t\t\t<div class=\"has_eae_slider elementor-column elementor-col-100 elementor-top-column elementor-element elementor-element-0b588f3\" data-id=\"0b588f3\" data-element_type=\"column\">\n\t\t\t<div class=\"elementor-widget-wrap elementor-element-populated\">\n\t\t\t\t\t\t\t\t<div class=\"elementor-element elementor-element-adc0b91 elementor-widget elementor-widget-text-editor\" data-id=\"adc0b91\" data-element_type=\"widget\" data-widget_type=\"text-editor.default\">\n\t\t\t\t<div class=\"elementor-widget-container\">\n\t\t\t\t\t\t\t<h5 style=\"text-align: center;\"><span style=\"color: #e0e0e0; font-family: arial, helvetica, sans-serif;\"><b>For any requests for additional information or prices<br \/><\/b><b>Please contact Us<\/b><\/span><\/h5>\t\t\t\t\t\t<\/div>\n\t\t\t\t<\/div>\n\t\t\t\t\t<\/div>\n\t\t<\/div>\n\t\t\t\t\t\t\t<\/div>\n\t\t<\/section>\n\t\t\t\t\t\t\t<\/div>","protected":false},"excerpt":{"rendered":"<p>Yann Piart Propri\u00e9taire du FREYDIS 46\u2019 ANDANZA. \u00a0 \u00a0 \u00a0 \u00a0 J\u2019ai acquis notre Freydis 46 en 2015, et en famille nous avons travers\u00e9 deux fois l\u2019Atlantique, parcouru pr\u00e8s de 25000 miles et visit\u00e9 une quinzaine de pays. Lors de ces navigations j\u2019ai pu monter \u00e0 bord de nombreux autres multicoques aux qualit\u00e9s diverses, du [&hellip;]<\/p>","protected":false},"author":1,"featured_media":0,"parent":0,"menu_order":0,"comment_status":"closed","ping_status":"closed","template":"elementor_header_footer","meta":{"footnotes":""},"_links":{"self":[{"href":"http:\/\/tourniermarine.fr\/en\/wp-json\/wp\/v2\/pages\/797"}],"collection":[{"href":"http:\/\/tourniermarine.fr\/en\/wp-json\/wp\/v2\/pages"}],"about":[{"href":"http:\/\/tourniermarine.fr\/en\/wp-json\/wp\/v2\/types\/page"}],"author":[{"embeddable":true,"href":"http:\/\/tourniermarine.fr\/en\/wp-json\/wp\/v2\/users\/1"}],"replies":[{"embeddable":true,"href":"http:\/\/tourniermarine.fr\/en\/wp-json\/wp\/v2\/comments?post=797"}],"version-history":[{"count":31,"href":"http:\/\/tourniermarine.fr\/en\/wp-json\/wp\/v2\/pages\/797\/revisions"}],"predecessor-version":[{"id":1118,"href":"http:\/\/tourniermarine.fr\/en\/wp-json\/wp\/v2\/pages\/797\/revisions\/1118"}],"wp:attachment":[{"href":"http:\/\/tourniermarine.fr\/en\/wp-json\/wp\/v2\/media?parent=797"}],"curies":[{"name":"wp","href":"https:\/\/api.w.org\/{rel}","templated":true}]}}